{"id":1345,"date":"2012-11-10T03:12:49","date_gmt":"2012-11-10T03:12:49","guid":{"rendered":"http:\/\/theme-fusion.com\/avadatest\/?page_id=1345"},"modified":"2014-09-03T13:40:28","modified_gmt":"2014-09-03T13:40:28","slug":"home-version-1","status":"publish","type":"page","link":"http:\/\/hocudaznas.com\/rus\/","title":{"rendered":"Po\u010detna"},"content":{"rendered":"[fullwidth\u00a0backgroundcolor=&#8221;#fcfcfc&#8221;\u00a0bordersize=&#8221;1px&#8221;\u00a0bordercolor=&#8221;#e1e1e1&#8243; borderstyle=&#8221;solid&#8221;\u00a0paddingtop=&#8221;20px&#8221; paddingbottom=&#8221;20px&#8221;]\n<h1 style=\"text-align: center;\">\u041f\u041e\u0412\u041e\u041b\u0410\u0419 0800 10 10 10!<br \/>\n\u0421\u041e\u0421 \u0442\u0435\u043b\u0435\u0444\u043e\u043d \u0412\u043e\u0439\u0432\u043e\u0434\u0438\u043d\u0430 \u0437\u0430 \u043f\u043e\u043c\u043e\u0446 \u0436\u0435\u043d\u043e\u043c \u0443 \u0441\u0438\u0442\u0443\u0430\u0446\u0438\u0457 \u043d\u0430\u0441\u0438\u043b\u0441\u0442\u0432\u0430<\/h1>\n<p style=\"text-align: center;\">\u041a\u0430\u0436\u0434\u0438 \u0440\u043e\u0431\u043e\u0442\u043d\u0438 \u0434\u0437\u0435\u043d\u044c \u043e\u0434 10 \u0434\u043e 20 \u0433\u043e\u0434\u0437\u0438\u043d. \u041f\u043e\u0432\u043e\u043b\u0430\u043d\u043a\u0430 \u043d\u0430 \u0442\u043e\u0442\u043e \u0447\u0438\u0441\u043b\u043e \u0431\u0435\u0437\u043f\u043b\u0430\u0442\u043d\u0430. \u0416\u0435\u043d\u0438 \u0445\u0442\u043e\u0440\u0438 \u043f\u043e\u0432\u043e\u043b\u0430\u044e \u043d\u0430 \u0421\u041e\u0421 \u0442\u0435\u043b\u0435\u0444\u043e\u043d \u0412\u043e\u0439\u0432\u043e\u0434\u0438\u043d\u0430 \u043c\u043e\u0436\u0443 \u043e\u0441\u0442\u0430\u0446 \u0430\u043d\u043e\u043d\u0438\u043c\u043d\u0438.<\/p>\n<p style=\"text-align: center;\">\u0421\u041e\u0421 \u0412\u043e\u0439\u0432\u043e\u0434\u0438\u043d\u0430 \u0434\u0430\u0432\u0430 \u0442\u043e\u0442\u0438 \u0443\u0441\u043b\u0443\u0433\u0438: \u0435\u043c\u043e\u0442\u0438\u0432\u043d\u0443 \u043f\u043e\u0442\u0440\u0438\u043c\u043e\u0432\u043a\u0443, \u0438\u043d\u0444\u043e\u0440\u043c\u0430\u0446\u0438\u0457 \u043e \u043c\u043e\u0436\u043b\u0457\u0432\u043e\u0441\u0446\u043e\u0445 \u044f\u043a \u0432\u0438\u0441\u0446 \u0437\u043e\u0437 \u043d\u0430\u0441\u0438\u043b\u0441\u0442\u0432\u0430, \u0438\u043d\u0444\u043e\u0440\u043c\u0430\u0446\u0438\u0457 \u043e \u043f\u0440\u0430\u0432\u043e\u0445 \u043d\u0430 \u0437\u0434\u0440\u0430\u0432\u0441\u0442\u0432\u0435\u043d\u0443, \u0441\u043e\u0446\u0438\u044f\u043b\u043d\u0443 \u0438 \u043f\u0440\u0430\u0432\u043d\u0443 \u0437\u0430\u0449\u0438\u0442\u0443, \u0438\u043d\u0444\u043e\u0440\u043c\u0430\u0446\u0438\u0457 \u043e \u043f\u0440\u043e\u0446\u0435\u0434\u0443\u0440\u043e\u0445 \u044f\u043a\u0438 \u043f\u043e\u0434\u043d\u0457\u043c\u0430\u044e \u0438\u043d\u0441\u0442\u0438\u0442\u0443\u0446\u0438\u0457 \u0438 \u043e\u0440\u0491\u0430\u043d\u0438\u0437\u0430\u0446\u0438\u0457 \u0446\u043e \u0448\u0435 \u0437\u0430\u043d\u0457\u043c\u0430\u044e \u0437 \u043f\u0440\u0435\u0432\u0435\u043d\u0446\u0438\u044e \u0438 \u0437\u0430\u0449\u0438\u0442\u0443 \u043e\u0434 \u043d\u0430\u0441\u0438\u043b\u0441\u0442\u0432\u0430 \u0443 \u0444\u0430\u043c\u0435\u043b\u0438\u0457 \u0438 \u0434\u0440\u0443\u0433\u0438\u0445 \u0444\u043e\u0440\u043c\u043e\u0445 \u0440\u043e\u0434\u043d\u043e \u0437\u0430\u0441\u043d\u043e\u0432\u0430\u043d\u043e\u0433\u043e \u043d\u0430\u0441\u0438\u043b\u0441\u0442\u0432\u0430.<\/p>\n<p style=\"text-align: center;\">\u041c\u0440\u0435\u0436\u0443 \u0421\u041e\u0421 \u0412\u043e\u0439\u0432\u043e\u0434\u0438\u043d\u0430 \u0442\u0432\u043e\u0440\u044f:<\/p>\n<div class=\"images-carousel-container  related-projects lightbox-enabled\"><div id=\"carousel\" class=\" es-carousel-wrapper\"><div class=\"es-carousel\"><ul>\n<li><a href=\"http:\/\/hocudaznas.com\/rus\/hocudaznas\/wp-content\/uploads\/2014\/07\/sos1.png\" target=\"\" title=\"\" ><img src=\"http:\/\/hocudaznas.com\/rus\/hocudaznas\/wp-content\/uploads\/2014\/07\/sos1.png\" alt=\"\" \/><\/a><\/li>\n<li><a href=\"http:\/\/hocudaznas.com\/rus\/hocudaznas\/wp-content\/uploads\/2014\/07\/sos2.png\" target=\"\" title=\"\" ><img src=\"http:\/\/hocudaznas.com\/rus\/hocudaznas\/wp-content\/uploads\/2014\/07\/sos2.png\" alt=\"\" \/><\/a><\/li>\n<li><a href=\"http:\/\/hocudaznas.com\/rus\/hocudaznas\/wp-content\/uploads\/2014\/07\/sos3.png\" target=\"\" title=\"\" ><img src=\"http:\/\/hocudaznas.com\/rus\/hocudaznas\/wp-content\/uploads\/2014\/07\/sos3.png\" alt=\"\" \/><\/a><\/li>\n<li><a href=\"http:\/\/hocudaznas.com\/rus\/hocudaznas\/wp-content\/uploads\/2014\/07\/sos4.png\" target=\"\" title=\"\" ><img src=\"http:\/\/hocudaznas.com\/rus\/hocudaznas\/wp-content\/uploads\/2014\/07\/sos4.png\" alt=\"\" \/><\/a><\/li>\n<li><a href=\"http:\/\/hocudaznas.com\/rus\/hocudaznas\/wp-content\/uploads\/2014\/07\/sos5.png\" target=\"\" title=\"\" ><img src=\"http:\/\/hocudaznas.com\/rus\/hocudaznas\/wp-content\/uploads\/2014\/07\/sos5.png\" alt=\"\" \/><\/a><\/li>\n<\/ul><div class=\"es-nav\"><span class=\"es-nav-prev\">Previous<\/span><span class=\"es-nav-next\">Next<\/span><\/div><\/div><\/div><\/div>\n<div style=\"float:left\">\n<p>\u041f\u043e\u0442\u0440\u0438\u043c\u043e\u0432\u043a\u0430 \u0432\u0430\u043d\u043a\u0430 \u0437 \u0412\u043e\u0439\u0432\u043e\u0434\u0438\u043d\u0438:<img style=\"margin:0px 20px\" src=\"http:\/\/hocudaznas.com\/rus\/hocudaznas\/wp-content\/uploads\/2014\/07\/autonomni_zenski-centar.png\"\/><img src=\"http:\/\/hocudaznas.com\/rus\/hocudaznas\/wp-content\/uploads\/2014\/07\/mreza_zena.png\"\/><\/p>\n<\/div>\n<div style=\"float:right\">\n<p>\u0420\u043e\u0431\u043e\u0442\u0443 \u0421\u041e\u0421 \u0442\u0435\u043b\u0435\u0444\u043e\u043d\u0443 \u0412\u043e\u0439\u0432\u043e\u0434\u0438\u043d\u0430 \u043f\u043e\u0442\u0440\u0438\u043c\u0443\u0454: <img src=\"http:\/\/hocudaznas.com\/rus\/hocudaznas\/wp-content\/uploads\/2014\/07\/telekom.png\"\/><\/p>\n<\/div>\n[\/fullwidth]\n[fullwidth\u00a0backgroundcolor=&#8221;#fff&#8221;\u00a0bordersize=&#8221;0px&#8221;\u00a0bordercolor=&#8221;&#8221; borderstyle=&#8221;&#8221;\u00a0paddingtop=&#8221;20px&#8221; paddingbottom=&#8221;0px&#8221;]<br \/>\n<div class=\"three_fourth\">\n<div class=\"title\"><h1>\u041e\u0441\u0442\u0430\u0442\u043d\u0457 \u0432\u0438\u0441\u0442\u043a\u0438<\/h1><div class=\"title-sep-container\"><div class=\"title-sep\"><\/div><\/div><\/div>\n<div class=\"avada-container\"><section class=\"columns columns-3\" style=\"width:100%\"><div class=\"holder\"><article class=\"col\"><div class=\"flexslider floated-post-slideshow animated\" animation_type=\"fadeInTop\" animation_duration=\"0.5\"><ul class=\"slides\"><li>\n\t\t\t\t\t<a href=\"http:\/\/hocudaznas.com\/rus\/saopstenje-pokrajinskog-sekretarijata-za-privredu-zaposljavanje-i-ravnopravnost-polova-povodom-25-novembra-medunarodnog-dana-borbe-protiv-nasilja-nad-zenama\/\" rel=\"\"><img src=\"http:\/\/hocudaznas.com\/rus\/hocudaznas\/wp-content\/uploads\/2013\/11\/hocudaznaspocetna1.jpg\" alt=\"Me\u0111unarodni dan borbe protiv nasilja nad \u017eenama\" \/><\/a>\n\t\t\t\t<\/li><\/ul>\n\t\t<\/div><h4><a href=\"http:\/\/hocudaznas.com\/rus\/saopstenje-pokrajinskog-sekretarijata-za-privredu-zaposljavanje-i-ravnopravnost-polova-povodom-25-novembra-medunarodnog-dana-borbe-protiv-nasilja-nad-zenama\/\">Me\u0111unarodni dan borbe protiv nasilja nad \u017eenama<\/a><\/h4><ul class=\"meta\"><li><em class=\"date\">25.11.2013<\/em><\/li><\/ul><p>25. novembar, Medjunrodni dan borbe protiv nasilja nad \u017eenama predstavlja po\u010detak Medjuanrodne kampanje 16 dana aktivizma protiv nasilja nad \u017eenama koja se zavr\u0161ava Medjunarodnim danom ljudskih prava...<\/p><\/article><article class=\"col\"><div class=\"flexslider floated-post-slideshow animated\" animation_type=\"fadeInTop\" animation_duration=\"0.5\"><ul class=\"slides\"><li>\n\t\t\t\t\t<a href=\"http:\/\/hocudaznas.com\/rus\/najavljena-ovogodisnja-kampanja-16-dana-aktivizma-protiv-nasilja-nad-zenama\/\" rel=\"\"><img src=\"http:\/\/hocudaznas.com\/rus\/hocudaznas\/wp-content\/uploads\/2013\/11\/hocudaznaspocetna2.jpg\" alt=\"Najavljena ovogodi\u0161nja kampanja \u201e16 dana aktivizma protiv nasilja nad \u017eenama\u201c\" \/><\/a>\n\t\t\t\t<\/li><\/ul>\n\t\t<\/div><h4><a href=\"http:\/\/hocudaznas.com\/rus\/najavljena-ovogodisnja-kampanja-16-dana-aktivizma-protiv-nasilja-nad-zenama\/\">Najavljena ovogodi\u0161nja kampanja \u201e16 dana aktivizma protiv nasilja nad \u017eenama\u201c<\/a><\/h4><ul class=\"meta\"><li><em class=\"date\">21.11.2013<\/em><\/li><\/ul><p>U Vladi Vojvodine odr\u017eana je konferencija za novinare, na kojoj je najavljen po\u010detak ovogodi\u0161nje kampanje \u201e16 dana aktivizma protiv nasilja nad \u017eenama\u201c...<\/p><\/article><article class=\"col\"><div class=\"flexslider floated-post-slideshow animated\" animation_type=\"fadeInTop\" animation_duration=\"0.5\"><ul class=\"slides\"><li>\n\t\t\t\t\t<a href=\"http:\/\/hocudaznas.com\/rus\/odrzana-sednica-odbora-za-ravnopravnost-polova-skupstine-apv\/\" rel=\"\"><img src=\"http:\/\/hocudaznas.com\/rus\/hocudaznas\/wp-content\/uploads\/2013\/11\/hocudaznaspocetna3.jpg\" alt=\"Odr\u017eana sednica Odbora za ravnopravnost polova Skup\u0161tine APV\" \/><\/a>\n\t\t\t\t<\/li><\/ul>\n\t\t<\/div><h4><a href=\"http:\/\/hocudaznas.com\/rus\/odrzana-sednica-odbora-za-ravnopravnost-polova-skupstine-apv\/\">Odr\u017eana sednica Odbora za ravnopravnost polova Skup\u0161tine APV<\/a><\/h4><ul class=\"meta\"><li><em class=\"date\">13.11.2013<\/em><\/li><\/ul><p>Odbor za ravnopravnost polova Skup\u0161tine AP Vojvodine odr\u017eao je sednicu na kojoj se upoznao sa Informacijom o aktivnostima Pokrajinskog sekretarijata za privredu...<\/p><\/article><\/div><\/section><\/div><\/div>\n<div class=\"one_fourth last\"><div class=\"title\"><h1>\u041c\u0435\u0434\u0438\u0439\u043d\u0430 \u043a\u0430\u043c\u043f\u0430\u043d\u044f<\/h1><div class=\"title-sep-container\"><div class=\"title-sep\"><\/div><\/div><\/div>\n<p>TRE\u0106A FAZA TROGODI\u0160NJE KAMPANJE UKAZUJE NA RIZIK U KOME SE NALAZE OSOBE KOJE TRPE NASILJE<\/p>\n<div style=\"width: 669px;\" class=\"wp-video\"><!--[if lt IE 9]><script>document.createElement('video');<\/script><![endif]-->\n<video class=\"wp-video-shortcode\" id=\"video-5047-1\" width=\"669\" height=\"446\" preload=\"metadata\" controls=\"controls\"><source type=\"video\/mp4\" src=\"http:\/\/hocudaznas.com\/rus\/hocudaznas\/wp-content\/uploads\/2013\/05\/hocudaznas2011.mp4?_=1\" \/><a href=\"http:\/\/hocudaznas.com\/rus\/hocudaznas\/wp-content\/uploads\/2013\/05\/hocudaznas2011.mp4\">http:\/\/hocudaznas.com\/rus\/hocudaznas\/wp-content\/uploads\/2013\/05\/hocudaznas2011.mp4<\/a><\/video><\/div>\n<div style=\"height:10px\"><\/div>\n<p><div style=\"width: 669px;\" class=\"wp-video\"><video class=\"wp-video-shortcode\" id=\"video-5047-2\" width=\"669\" height=\"446\" preload=\"metadata\" controls=\"controls\"><source type=\"video\/mp4\" src=\"http:\/\/hocudaznas.com\/rus\/hocudaznas\/wp-content\/uploads\/2013\/05\/hocudaznas-pocetna.mp4?_=2\" \/><a href=\"http:\/\/hocudaznas.com\/rus\/hocudaznas\/wp-content\/uploads\/2013\/05\/hocudaznas-pocetna.mp4\">http:\/\/hocudaznas.com\/rus\/hocudaznas\/wp-content\/uploads\/2013\/05\/hocudaznas-pocetna.mp4<\/a><\/video><\/div><br \/>\n<\/div><div class=\"clearboth\"><\/div>\n[\/fullwidth]\n","protected":false},"excerpt":{"rendered":"<p>[fullwidth\u00a0backgroundcolor=&#8221;#fcfcfc&#8221;\u00a0bordersize=&#8221;1px&#8221;\u00a0bordercolor=&#8221;#e1e1e1&#8243; borderstyle=&#8221;solid&#8221;\u00a0paddingtop=&#8221;20px&#8221; paddingbottom=&#8221;20px&#8221;] \u041f\u041e\u0412\u041e\u041b\u0410\u0419 0800 10 10 10! \u0421\u041e\u0421 \u0442\u0435\u043b\u0435\u0444\u043e\u043d \u0412\u043e\u0439\u0432\u043e\u0434\u0438\u043d\u0430 \u0437\u0430 \u043f\u043e\u043c\u043e\u0446 \u0436\u0435\u043d\u043e\u043c \u0443 \u0441\u0438\u0442\u0443\u0430\u0446\u0438\u0457 \u043d\u0430\u0441\u0438\u043b\u0441\u0442\u0432\u0430 \u041a\u0430\u0436\u0434\u0438 \u0440\u043e\u0431\u043e\u0442\u043d\u0438 \u0434\u0437\u0435\u043d\u044c \u043e\u0434 10 \u0434\u043e 20 \u0433\u043e\u0434\u0437\u0438\u043d. \u041f\u043e\u0432\u043e\u043b\u0430\u043d\u043a\u0430 \u043d\u0430 \u0442\u043e\u0442\u043e \u0447\u0438\u0441\u043b\u043e \u0431\u0435\u0437\u043f\u043b\u0430\u0442\u043d\u0430. \u0416\u0435\u043d\u0438 \u0445\u0442\u043e\u0440\u0438 \u043f\u043e\u0432\u043e\u043b\u0430\u044e \u043d\u0430 \u0421\u041e\u0421 \u0442\u0435\u043b\u0435\u0444\u043e\u043d \u0412\u043e\u0439\u0432\u043e\u0434\u0438\u043d\u0430 \u043c\u043e\u0436\u0443 \u043e\u0441\u0442\u0430\u0446 \u0430\u043d\u043e\u043d\u0438\u043c\u043d\u0438. \u0421\u041e\u0421 \u0412\u043e\u0439\u0432\u043e\u0434\u0438\u043d\u0430 \u0434\u0430\u0432\u0430 \u0442\u043e\u0442\u0438 \u0443\u0441\u043b\u0443\u0433\u0438: \u0435\u043c\u043e\u0442\u0438\u0432\u043d\u0443 \u043f\u043e\u0442\u0440\u0438\u043c\u043e\u0432\u043a\u0443, \u0438\u043d\u0444\u043e\u0440\u043c\u0430\u0446\u0438\u0457 \u043e \u043c\u043e\u0436\u043b\u0457\u0432\u043e\u0441\u0446\u043e\u0445 \u044f\u043a \u0432\u0438\u0441\u0446 \u0437\u043e\u0437 \u043d\u0430\u0441\u0438\u043b\u0441\u0442\u0432\u0430, \u0438\u043d\u0444\u043e\u0440\u043c\u0430\u0446\u0438\u0457 \u043e \u043f\u0440\u0430\u0432\u043e\u0445 \u043d\u0430 \u0437\u0434\u0440\u0430\u0432\u0441\u0442\u0432\u0435\u043d\u0443, \u0441\u043e\u0446\u0438\u044f\u043b\u043d\u0443 \u0438 \u043f\u0440\u0430\u0432\u043d\u0443 \u0437\u0430\u0449\u0438\u0442\u0443, \u0438\u043d\u0444\u043e\u0440\u043c\u0430\u0446\u0438\u0457 \u043e \u043f\u0440\u043e\u0446\u0435\u0434\u0443\u0440\u043e\u0445 \u044f\u043a\u0438 \u043f\u043e\u0434\u043d\u0457\u043c\u0430\u044e \u0438\u043d\u0441\u0442\u0438\u0442\u0443\u0446\u0438\u0457 \u0438 \u043e\u0440\u0491\u0430\u043d\u0438\u0437\u0430\u0446\u0438\u0457 \u0446\u043e \u0448\u0435 \u0437\u0430\u043d\u0457\u043c\u0430\u044e \u0437 \u043f\u0440\u0435\u0432\u0435\u043d\u0446\u0438\u044e \u0438 \u0437\u0430\u0449\u0438\u0442\u0443 \u043e\u0434 \u043d\u0430\u0441\u0438\u043b\u0441\u0442\u0432\u0430 \u0443 \u0444\u0430\u043c\u0435\u043b\u0438\u0457 \u0438 \u0434\u0440\u0443\u0433\u0438\u0445 \u0444\u043e\u0440\u043c\u043e\u0445 [&hellip;]<\/p>\n","protected":false},"author":2,"featured_media":0,"parent":0,"menu_order":0,"comment_status":"open","ping_status":"closed","template":"100-width.php","meta":[],"_links":{"self":[{"href":"http:\/\/hocudaznas.com\/rus\/wp-json\/wp\/v2\/pages\/1345"}],"collection":[{"href":"http:\/\/hocudaznas.com\/rus\/wp-json\/wp\/v2\/pages"}],"about":[{"href":"http:\/\/hocudaznas.com\/rus\/wp-json\/wp\/v2\/types\/page"}],"author":[{"embeddable":true,"href":"http:\/\/hocudaznas.com\/rus\/wp-json\/wp\/v2\/users\/2"}],"replies":[{"embeddable":true,"href":"http:\/\/hocudaznas.com\/rus\/wp-json\/wp\/v2\/comments?post=1345"}],"version-history":[{"count":50,"href":"http:\/\/hocudaznas.com\/rus\/wp-json\/wp\/v2\/pages\/1345\/revisions"}],"predecessor-version":[{"id":5373,"href":"http:\/\/hocudaznas.com\/rus\/wp-json\/wp\/v2\/pages\/1345\/revisions\/5373"}],"wp:attachment":[{"href":"http:\/\/hocudaznas.com\/rus\/wp-json\/wp\/v2\/media?parent=1345"}],"curies":[{"name":"wp","href":"https:\/\/api.w.org\/{rel}","templated":true}]}}